{"id":488,"date":"2023-10-06T08:09:10","date_gmt":"2023-10-06T14:09:10","guid":{"rendered":"https:\/\/congresolenguas.ucr.ac.cr\/?page_id=488"},"modified":"2025-11-26T07:10:35","modified_gmt":"2025-11-26T13:10:35","slug":"como_llegar","status":"publish","type":"page","link":"https:\/\/congresogoticoelm.ucr.ac.cr\/en\/como_llegar\/","title":{"rendered":"Getting here"},"content":{"rendered":"<p>[et_pb_section fb_built=\u00bb1&#8243; _builder_version=\u00bb4.27.4&#8243; background_image=\u00bbhttps:\/\/congresogoticoelm.ucr.ac.cr\/wp-content\/uploads\/2025\/11\/Fondo-Textura.jpg\u00bb global_colors_info=\u00bb{}\u00bb][et_pb_row _builder_version=\u00bb4.16&#8243; background_size=\u00bbinitial\u00bb background_position=\u00bbtop_left\u00bb background_repeat=\u00bbrepeat\u00bb global_colors_info=\u00bb{}\u00bb][et_pb_column type=\u00bb4_4&#8243; _builder_version=\u00bb4.16&#8243; custom_padding=\u00bb|||\u00bb global_colors_info=\u00bb{}\u00bb custom_padding__hover=\u00bb|||\u00bb][et_pb_post_title meta=\u00bboff\u00bb featured_image=\u00bboff\u00bb _builder_version=\u00bb4.27.4&#8243; _module_preset=\u00bbdefault\u00bb title_font=\u00bbPirata One||||||||\u00bb title_text_align=\u00bbcenter\u00bb title_text_color=\u00bb#c7a165&#8243; title_font_size=\u00bb35px\u00bb background_color=\u00bb#000000&#8243; custom_padding=\u00bb15px||15px||false|false\u00bb global_colors_info=\u00bb{}\u00bb][\/et_pb_post_title][et_pb_text _builder_version=\u00bb4.27.4&#8243; text_font=\u00bb|600|||||||\u00bb text_font_size=\u00bb18px\u00bb background_size=\u00bbinitial\u00bb background_position=\u00bbtop_left\u00bb background_repeat=\u00bbrepeat\u00bb global_colors_info=\u00bb{}\u00bb]<\/p>\n<h1>Getting here (from the airport to San Pedro)<\/h1>\n<p>When you arrive at <strong>the Juan Santamar\u00eda airport (SJO)<\/strong>, you have several transport options to reach <strong>San Pedro neighbourhood.<\/strong>in the metropolitan area of San Jos\u00e9:<\/p>\n<ul>\n<li><strong>By taxi \/ private transfer (best option)<\/strong>\n<ul>\n<li>A taxi or private transfer from the airport directly to San Pedro takes about <strong>20\u201330 minutes<\/strong> (depending on traffic) and covers ~ <strong>20 km<\/strong>.<\/li>\n<li>Pre-booking a private shuttle ensures you are met at the terminal and delivered directly to your destination.<\/li>\n<li>This is the most convenient option especially if you have luggage or arrive late.<\/li>\n<\/ul>\n<\/li>\n<li><strong>By public bus (not recommended)<\/strong>\n<ul>\n<li>From the airport you can catch the red <strong>TUASA bus<\/strong> (or similar) heading into San Jos\u00e9 city centre. The stop is just outside the terminal area.<\/li>\n<li>From downtown San Jos\u00e9 you can then transfer or walk to San Pedro. The total journey takes around <strong>1 h or more<\/strong>, depending on route and traffic.<\/li>\n<li>This is the most budget-friendly option but may be less comfortable if you are carrying heavy luggage.<\/li>\n<li>You will need to transfer to reach San Pedro, and you should also carry <strong>colones<\/strong> colones (the local currency), as bus fares are low and most buses do not accept card payments. Finding your way around by public bus can be challenging, since <strong>Google Maps<\/strong> does not always provide accurate information about routes and schedules.<\/li>\n<\/ul>\n<\/li>\n<\/ul>\n<h1>\u00a0<\/h1>\n<h1>The Faculty of Letters of the University of Costa Rica (UCR)<\/h1>\n<p>The <strong>UCR San Pedro \u2014 specifically the Facultad de Letras building<\/strong> is located on the <strong>San Pedro campus<\/strong> (in Montes de Oca, San Pedro).<\/p>\n<p>From SJO airport the journey is essentially the same as going to San Pedro, since the campus is located there.<\/p>\n<ul>\n<li>Use the taxi\/private transfer or bus route described above, and ask to be dropped off at <strong>UCR San Pedro \u2014 specifically the Facultad de Letras building<\/strong> or the <strong>San Pedro campus<\/strong>.<\/li>\n<li>On arrival by taxi you\u2019ll drive through the San Jos\u00e9 metropolitan area to the <strong>Montes de Oca<\/strong> \/ <strong>San Pedro neighbourhood.<\/strong>.<\/li>\n<li>Once in the San Pedro area you may need to walk short distances on\u2010campus; allow a few minutes extra.<\/li>\n<li>If travelling by bus, you might take a bus into San Jos\u00e9 or San Pedro and then a short local bus or walk to the campus.<\/li>\n<\/ul>\n<h1>\u00a0<\/h1>\n<h1>From the airport to Hotel Ave del Para\u00edso &amp; Apartotel Tairona (both in San Pedro)<\/h1>\n<h3>Hotel Ave del Para\u00edso<\/h3>\n<p>Address: 50 meters north of the Law School entrance of UCR, San Pedro, San Jos\u00e9.<\/p>\n<ul>\n<li>Transport: From the airport, you can take a taxi or pre-book shuttle directly to the hotel. It\u2019s in San Pedro so follows the same route from the airport as above.<\/li>\n<li>Once you arrive in San Pedro campus \/ neighbourhood, inform the driver of the hotel name and they will know the general location (next to UCR).<\/li>\n<li>Alternatively, if you come in by bus, get off in San Pedro near the UCR campus and walk or take a local taxi\/ride share the final few minutes.<\/li>\n<\/ul>\n<h3>Apartotel Tairona<\/h3>\n<p>Address: Barrio Dent, San Pedro, Montes de Oca, 75 metres west of Taco Bell.<\/p>\n<ul>\n<li>Similar transport guidance as above applies. A taxi\/private transfer will drop you right close to the hotel.<\/li>\n<li>If using the bus: come to San Pedro, then short walk\/local taxi in <strong>Barrio Dent<\/strong>.<\/li>\n<\/ul>\n<p><strong>Note:<\/strong> For your safety and comfort, we recommend taking <strong>taxi or ride-share service<\/strong> if you need to get around after dark, as some streets may be quiet or have limited lighting at night.<\/p>\n<p>[\/et_pb_text][\/et_pb_column][\/et_pb_row][\/et_pb_section]<\/p>","protected":false},"excerpt":{"rendered":"<p>Desde el aeropuerto hasta San Pedro Al llegar al Aeropuerto Internacional Juan Santamar\u00eda (SJO), existen varias opciones de transporte para llegar a San Pedro, en el \u00e1rea metropolitana de San Jos\u00e9: Taxi \/ transporte privado (opci\u00f3n recomendada) El trayecto directo del aeropuerto a San Pedro tarda aproximadamente 20\u201330 minutos (dependiendo del tr\u00e1fico) y cubre unos [&hellip;]<\/p>","protected":false},"author":3,"featured_media":0,"parent":0,"menu_order":0,"comment_status":"closed","ping_status":"closed","template":"","meta":{"_et_pb_use_builder":"on","_et_pb_old_content":"<h1>Informaci\u00f3n de Pago<\/h1><p><img class=\"wp-image-489 aligncenter\" src=\"http:\/\/congresolenguas.ucr.ac.cr\/wp-content\/uploads\/2023\/10\/oso_perezoso_pelex_6-171x300.png\" alt=\"\" width=\"81\" height=\"142\" \/><\/p><p>\u00a1Bienvenido al proceso de pago para el congreso\u00a0<em>Integrating the global and the local: Current language teaching and language assessment practices in Latin America<\/em>! Estamos emocionados por su participaci\u00f3n en este evento educativo centrado en las pr\u00e1cticas actuales de ense\u00f1anza de idiomas y evaluaci\u00f3n de idiomas en Am\u00e9rica Latina.<\/p><p>Para asegurar su participaci\u00f3n en este enriquecedor congreso, por favor siga los pasos a continuaci\u00f3n:<\/p><p>1. Haga clic en el bot\u00f3n de pago.<\/p><p>2. Complete la informaci\u00f3n de facturaci\u00f3n requerida.<\/p><p>3. Proceda con el pago seguro a trav\u00e9s de nuestra plataforma.<\/p><p>Una vez que haya completado el proceso de pago, recibir\u00e1 una confirmaci\u00f3n por correo electr\u00f3nico con los detalles de su registro. Su participaci\u00f3n en el congreso estar\u00e1 garantizada.<\/p><p>\u00a1Gracias por ser parte de \"Integrating the Global and the Local\"! Esperamos con ansias compartir conocimientos y experiencias en el emocionante mundo de la ense\u00f1anza y evaluaci\u00f3n de idiomas en Am\u00e9rica Latina.<\/p><p><a href=\"https:\/\/congresoucrlaalta.fundacionucr.org\/login.php\" target=\"_blank\" rel=\"noopener\" data-saferedirecturl=\"https:\/\/www.google.com\/url?q=https:\/\/congresoucrlaalta.fundacionucr.org\/login.php&source=gmail&ust=1696685307485000&usg=AOvVaw2-xpgeq3OXCg9l5cNvVoT7\">https:\/\/congresoucrlaalta.<wbr \/>fundacionucr.org\/login.php<\/a><\/p><p>Si tiene alguna pregunta o necesita asistencia durante el proceso de pago, no dude en ponerse en contacto con nuestro equipo de soporte a\u00a0<a href=\"mailto:congreso.elm@ucr.ac.cr\" target=\"_blank\" rel=\"noopener\">congreso.elm@ucr.ac.cr<\/a><\/p><p>\u00a1Esperamos verle en el congreso!<\/p>","_et_gb_content_width":"","footnotes":""},"class_list":["post-488","page","type-page","status-publish","hentry"],"aioseo_notices":[],"_links":{"self":[{"href":"https:\/\/congresogoticoelm.ucr.ac.cr\/en\/wp-json\/wp\/v2\/pages\/488","targetHints":{"allow":["GET"]}}],"collection":[{"href":"https:\/\/congresogoticoelm.ucr.ac.cr\/en\/wp-json\/wp\/v2\/pages"}],"about":[{"href":"https:\/\/congresogoticoelm.ucr.ac.cr\/en\/wp-json\/wp\/v2\/types\/page"}],"author":[{"embeddable":true,"href":"https:\/\/congresogoticoelm.ucr.ac.cr\/en\/wp-json\/wp\/v2\/users\/3"}],"replies":[{"embeddable":true,"href":"https:\/\/congresogoticoelm.ucr.ac.cr\/en\/wp-json\/wp\/v2\/comments?post=488"}],"version-history":[{"count":12,"href":"https:\/\/congresogoticoelm.ucr.ac.cr\/en\/wp-json\/wp\/v2\/pages\/488\/revisions"}],"predecessor-version":[{"id":808,"href":"https:\/\/congresogoticoelm.ucr.ac.cr\/en\/wp-json\/wp\/v2\/pages\/488\/revisions\/808"}],"wp:attachment":[{"href":"https:\/\/congresogoticoelm.ucr.ac.cr\/en\/wp-json\/wp\/v2\/media?parent=488"}],"curies":[{"name":"wp","href":"https:\/\/api.w.org\/{rel}","templated":true}]}}